{"id":557,"date":"2023-02-23T11:21:26","date_gmt":"2023-02-23T11:21:26","guid":{"rendered":"http:\/\/estelbarcelona.wpengine.com\/cookie-policy-es\/"},"modified":"2026-04-01T11:14:51","modified_gmt":"2026-04-01T11:14:51","slug":"cookie-policy-es","status":"publish","type":"page","link":"https:\/\/estelbarcelona.com\/es\/cookie-policy-es\/","title":{"rendered":"Pol\u00edtica de cookies"},"content":{"rendered":"\n<p>A continuaci\u00f3n, se presentan las diferentes Cookies utilizadas en la p\u00e1gina web de INMO CRITERIA CAIXA S.A.U. Al desmarcar alguna de ellas, la experiencia en el sitio web podr\u00e1 verse limitada.<\/p>\n\n\n\n<p>\u00bf<strong>QU\u00c9 SON LAS COOKIES?<\/strong><\/p>\n\n\n\n<p>La p\u00e1gina web de INMO CRITERIA CAIXA S.A.U.,\u00a0estelbarcelona.com utiliza Cookies y\/o tecnolog\u00edas similares que almacenan y recuperan informaci\u00f3n en la navegaci\u00f3n. Las Cookies son peque\u00f1os archivos de datos que se instalan en el ordenador del Usuario, tel\u00e9fono m\u00f3vil u otro dispositivo de acceso cuando \u00e9ste visita una p\u00e1gina web y que permiten obtener informaci\u00f3n relativa a su navegaci\u00f3n, conocer sus h\u00e1bitos de navegaci\u00f3n y mejorar la experiencia de navegaci\u00f3n, de modo que pueden identificar un\u00edvocamente al Usuario. Al navegar por este sitio web se utilizan Cookies de sesi\u00f3n y Cookies persistentes que, a su vez, pueden ser Cookies propias o de terceros. Las Cookies de sesi\u00f3n son Cookies dise\u00f1adas para recabar y almacenar datos mientras el Usuario accede a una p\u00e1gina web. Se suelen emplear para almacenar informaci\u00f3n que solo interesa conservar para la prestaci\u00f3n del servicio solicitado por el Usuario en una sola ocasi\u00f3n. Las Cookies persistentes son un tipo de Cookies en el que los datos siguen almacenados en el terminal y a los que se puede acceder y tratar durante un periodo definido por el responsable de la cookie, y que puede ir de unos minutos a varios a\u00f1os.<\/p>\n\n\n\n<p><strong>COOKIES PROPIAS<\/strong><\/p>\n\n\n\n<p>Las creadas o gestionadas por el responsable de la p\u00e1gina web INMO CRITERIA CAIXA, S.A.U. La p\u00e1gina web estelbarcelona.com, utiliza Cookies propias con las siguientes finalidades:<\/p>\n\n\n\n<p><strong>Cookies t\u00e9cnicas y de personalizaci\u00f3n<\/strong><\/p>\n\n\n\n<p>Son aquellas que permiten al Usuario la navegaci\u00f3n a trav\u00e9s de la p\u00e1gina web y la utilizaci\u00f3n de las diferentes opciones o servicios que en ella existan como, por ejemplo, identificar la sesi\u00f3n o acceder a partes de acceso restringido. Las Cookies de personalizaci\u00f3n son aquellas que permiten recordar informaci\u00f3n para que el Usuario acceda de forma personalizada, como por ejemplo, el idioma.<\/p>\n\n\n\n<p><strong>COOKIES DE TERCEROS<\/strong><\/p>\n\n\n\n<p>Las administradas por prestadores de servicios de an\u00e1lisis, publicitarios y de redes sociales ajenos a INMO CRITERIA CAIXA, S.A.U. A continuaci\u00f3n, se detallan tanto los terceros que pueden configurar y acceder a Cookies (no exentas de informaci\u00f3n y consentimiento) de su equipo como las finalidades con las que es utilizada la informaci\u00f3n que almacenan:<\/p>\n\n\n\n<p><strong>Cookies de an\u00e1lisis<\/strong><\/p>\n\n\n\n<p>Son aquellas que permiten el seguimiento y an\u00e1lisis del comportamiento de los Usuarios de la web, para la elaboraci\u00f3n de perfiles de navegaci\u00f3n. Nosotros, como editor de este sitio web, utilizamos este tipo de cookies \u00fanicamente con el fin de introducir mejoras en los servicios y productos que ofrecemos y de mostrar publicidad relacionada con tus preferencias en base a un perfil elaborado a partir de tus h\u00e1bitos de navegaci\u00f3n. No obstante, Google puede utilizarlas para otras finalidades. Consulte la Pol\u00edtica de Privacidad y la Pol\u00edtica de Cookies de Google para m\u00e1s informaci\u00f3n al respecto. Para evitar que Google utilice tus datos, pincha&nbsp;<a href=\"https:\/\/www.linearis.es\/es\/politica-de-cookies#\">AQU\u00cd.<\/a><\/p>\n\n\n\n<ul class=\"wp-block-list\">\n<li>Google Analytics<\/li>\n\n\n\n<li>Gstatic (Google)<\/li>\n<\/ul>\n\n\n\n<p><strong>Vimeo<\/strong><\/p>\n\n\n\n<p>Reproducci\u00f3n de v\u00eddeos. Para m\u00e1s informaci\u00f3n sobre Vimeo visite el siguiente <a href=\"https:\/\/vimeo.com\/cookie_policy\">link<\/a>.<\/p>\n\n\n\n<p><strong>DESACTIVACI\u00d3N O ELIMINACI\u00d3N DE LAS COOKIES<\/strong><\/p>\n\n\n\n<p>La mayor\u00eda de navegadores web permiten gestionar, en cualquier momento, las preferencias del Usuario sobre el uso de las Cookies. El Usuario puede ajustar su navegador para que rechace Cookies o elimine determinadas Cookies ya instaladas en su dispositivo, seg\u00fan su criterio. Para la configuraci\u00f3n de las Cookies, el Usuario podr\u00e1 hacerlo desde el navegador a trav\u00e9s de los siguientes enlaces:<\/p>\n\n\n\n<ul class=\"wp-block-list\">\n<li><a href=\"https:\/\/support.google.com\/chrome\/answer\/95647?co=GENIE.Platform=Desktop&amp;&amp;hl=es\">Google Chrome<\/a><\/li>\n\n\n\n<li><a href=\"https:\/\/tools.google.com\/dlpage\/gaoptout?hl=es\">Google Analytics<\/a><\/li>\n\n\n\n<li><a href=\"https:\/\/support.mozilla.org\/es\/kb\/impedir-que-los-sitios-web-guarden-sus-preferencia\">Mozilla Firefox<\/a><\/li>\n\n\n\n<li><a href=\"https:\/\/support.microsoft.com\/es-es\/help\/17442\/windows-internet-explorer-delete-manage-cookies\">Internet Explorer<\/a><\/li>\n\n\n\n<li><a href=\"https:\/\/support.microsoft.com\/es-es\/help\/4468242\/microsoft-edge-browsing-data-and-privacy\">Microsoft Edge<\/a><\/li>\n\n\n\n<li><a href=\"https:\/\/support.apple.com\/es-es\/HT201265\">Safari<\/a><\/li>\n\n\n\n<li><a href=\"https:\/\/help.opera.com\/en\/latest\/security-and-privacy\/\">Opera<\/a><\/li>\n<\/ul>\n\n\n\n<p>El Usuario tambi\u00e9n puede revocar su consentimiento para el uso de las Cookies en su navegador instalando un \u00abplug-in\u00bb o mediante un sistema de rechazo (\u00abopt-out\u00bb) facilitado por algunos terceros que instalan Cookies en el sitio web.<\/p>\n\n\n\n<p>El Usuario debe tener en cuenta que algunas caracter\u00edsticas de los contenidos de la p\u00e1gina web estelbarcelona.com solo est\u00e1n disponibles si se permite la instalaci\u00f3n de Cookies en su navegador. Si \u00e9ste decide no aceptar o bloquear determinadas Cookies (en funci\u00f3n de su finalidad), puede que esto afecte, total o parcialmente, al funcionamiento normal de la p\u00e1gina web o que impida el acceso a algunos servicios de la misma.<\/p>\n\n\n\n<p><strong>TRATAMIENTO DE DATOS DE CAR\u00c1CTER PERSONAL<\/strong><\/p>\n\n\n\n<p>Responsable del tratamiento: El responsable del tratamiento es INMO CRITERIA CAIXA S.A.U., cuya denominaci\u00f3n completa y datos de contacto se recogen a continuaci\u00f3n. INMO CRITERIA CAIXA S.A.U. NIF: A63346290 Direcci\u00f3n: Avenida Diagonal, n\u00fameros 621-629, Torre II, 08028 de Barcelona. Tel\u00e9fono: 934 09 21 21 Datos de contacto del delegado de protecci\u00f3n de datos: Puede contactar con el delegado de protecci\u00f3n de datos a trav\u00e9s del siguiente enlace: dpo@criteria.com. Transferencias a terceros pa\u00edses: El tratamiento de los datos se realiza, con car\u00e1cter general, por prestadores de servicios ubicados dentro del Espacio Econ\u00f3mico Europeo o en pa\u00edses que han sido declarados con un nivel adecuado de protecci\u00f3n por la Comisi\u00f3n Europea. En otros supuestos INMO CRITERIA CAIXA S.A.U. garantiza la seguridad y legitimidad del tratamiento de los datos exigiendo a sus proveedores que dispongan de normas corporativas vinculantes que garanticen la protecci\u00f3n de la informaci\u00f3n de manera similar a las que establecen las normas europeas, que se encuentren acogidos al Escudo de Privacidad (Privacy Shield) del Departamento de Comercio de los EE.UU. (en caso de prestadores de servicios en los EE.UU.), o que suscriban las cl\u00e1usulas tipo de la Uni\u00f3n Europea. Per\u00edodo de conservaci\u00f3n de los datos: Los datos ser\u00e1n tratados mientras permanezcan vigentes las autorizaciones de uso otorgadas. De acuerdo con la normativa de protecci\u00f3n de datos, estos datos ser\u00e1n conservados (durante el plazo de prescripci\u00f3n de las acciones derivadas de dicha autorizaci\u00f3n) a los \u00fanicos efectos de cumplir las obligaciones legales requeridas a INMO CRITERIA CAIXA S.A.U., y para la formulaci\u00f3n, ejercicio o defensa de reclamaciones. M\u00e1s informaci\u00f3n: Consulte nuestra\u00a0<a href=\"https:\/\/estelbarcelona.com\/es\/privacy-policy-es\/\" target=\"_blank\" rel=\"noreferrer noopener\">Pol\u00edtica de Privacidad<\/a>\u00a0para m\u00e1s informaci\u00f3n sobre el tratamiento de sus datos personales.<\/p>\n\n\n\n<p><strong>ACTUALIZACIONES Y CAMBIOS EN LA POL\u00cdTICA DE COOKIES<\/strong><\/p>\n\n\n\n<p>INMO CRITERIA CAIXA, S.A.U. puede modificar esta Pol\u00edtica de Cookies en funci\u00f3n de nuevas exigencias legislativas, reglamentarias, o con la finalidad de adaptar dicha pol\u00edtica a las instrucciones dictadas por la Agencia Espa\u00f1ola de Protecci\u00f3n de Datos. Cuando se produzcan cambios significativos en esta Pol\u00edtica de Cookies se comunicar\u00e1 al Usuario mediante un aviso informativo en la p\u00e1gina web.<\/p>\n","protected":false},"excerpt":{"rendered":"<p>A continuaci\u00f3n, se presentan las diferentes Cookies utilizadas en la p\u00e1gina web de INMO CRITERIA CAIXA S.A.U. Al desmarcar alguna de ellas, la experiencia en el sitio web podr\u00e1 verse limitada. \u00bfQU\u00c9 SON LAS COOKIES? La p\u00e1gina web de INMO CRITERIA CAIXA S.A.U.,\u00a0estelbarcelona.com utiliza Cookies y\/o tecnolog\u00edas similares que almacenan y recuperan informaci\u00f3n en la [&hellip;]<\/p>\n","protected":false},"author":1,"featured_media":0,"parent":0,"menu_order":0,"comment_status":"closed","ping_status":"closed","template":"","meta":{"_acf_changed":false,"footnotes":""},"class_list":["post-557","page","type-page","status-publish","hentry"],"acf":[],"yoast_head":"<!-- This site is optimized with the Yoast SEO plugin v24.4 - https:\/\/yoast.com\/wordpress\/plugins\/seo\/ -->\n<title>Pol\u00edtica de cookies - Estel Barcelona<\/title>\n<meta name=\"robots\" content=\"index, follow, max-snippet:-1, max-image-preview:large, max-video-preview:-1\" \/>\n<link rel=\"canonical\" href=\"https:\/\/estelbarcelona.com\/es\/cookie-policy-es\/\" \/>\n<meta property=\"og:locale\" content=\"es_ES\" \/>\n<meta property=\"og:type\" content=\"article\" \/>\n<meta property=\"og:title\" content=\"Pol\u00edtica de cookies - Estel Barcelona\" \/>\n<meta property=\"og:description\" content=\"A continuaci\u00f3n, se presentan las diferentes Cookies utilizadas en la p\u00e1gina web de INMO CRITERIA CAIXA S.A.U. Al desmarcar alguna de ellas, la experiencia en el sitio web podr\u00e1 verse limitada. \u00bfQU\u00c9 SON LAS COOKIES? La p\u00e1gina web de INMO CRITERIA CAIXA S.A.U.,\u00a0estelbarcelona.com utiliza Cookies y\/o tecnolog\u00edas similares que almacenan y recuperan informaci\u00f3n en la [&hellip;]\" \/>\n<meta property=\"og:url\" content=\"https:\/\/estelbarcelona.com\/es\/cookie-policy-es\/\" \/>\n<meta property=\"og:site_name\" content=\"Estel Barcelona\" \/>\n<meta property=\"article:modified_time\" content=\"2026-04-01T11:14:51+00:00\" \/>\n<meta name=\"twitter:card\" content=\"summary_large_image\" \/>\n<meta name=\"twitter:label1\" content=\"Tiempo de lectura\" \/>\n\t<meta name=\"twitter:data1\" content=\"5 minutos\" \/>\n<script type=\"application\/ld+json\" class=\"yoast-schema-graph\">{\"@context\":\"https:\/\/schema.org\",\"@graph\":[{\"@type\":\"WebPage\",\"@id\":\"https:\/\/estelbarcelona.com\/es\/cookie-policy-es\/\",\"url\":\"https:\/\/estelbarcelona.com\/es\/cookie-policy-es\/\",\"name\":\"Pol\u00edtica de cookies - Estel Barcelona\",\"isPartOf\":{\"@id\":\"https:\/\/estelbarcelona.com\/#website\"},\"datePublished\":\"2023-02-23T11:21:26+00:00\",\"dateModified\":\"2026-04-01T11:14:51+00:00\",\"breadcrumb\":{\"@id\":\"https:\/\/estelbarcelona.com\/es\/cookie-policy-es\/#breadcrumb\"},\"inLanguage\":\"es\",\"potentialAction\":[{\"@type\":\"ReadAction\",\"target\":[\"https:\/\/estelbarcelona.com\/es\/cookie-policy-es\/\"]}]},{\"@type\":\"BreadcrumbList\",\"@id\":\"https:\/\/estelbarcelona.com\/es\/cookie-policy-es\/#breadcrumb\",\"itemListElement\":[{\"@type\":\"ListItem\",\"position\":1,\"name\":\"Home\",\"item\":\"https:\/\/estelbarcelona.com\/es\/\"},{\"@type\":\"ListItem\",\"position\":2,\"name\":\"Pol\u00edtica de cookies\"}]},{\"@type\":\"WebSite\",\"@id\":\"https:\/\/estelbarcelona.com\/#website\",\"url\":\"https:\/\/estelbarcelona.com\/\",\"name\":\"Estel Barcelona\",\"description\":\"A place to shine\",\"potentialAction\":[{\"@type\":\"SearchAction\",\"target\":{\"@type\":\"EntryPoint\",\"urlTemplate\":\"https:\/\/estelbarcelona.com\/?s={search_term_string}\"},\"query-input\":{\"@type\":\"PropertyValueSpecification\",\"valueRequired\":true,\"valueName\":\"search_term_string\"}}],\"inLanguage\":\"es\"}]}<\/script>\n<!-- \/ Yoast SEO plugin. -->","yoast_head_json":{"title":"Pol\u00edtica de cookies - Estel Barcelona","robots":{"index":"index","follow":"follow","max-snippet":"max-snippet:-1","max-image-preview":"max-image-preview:large","max-video-preview":"max-video-preview:-1"},"canonical":"https:\/\/estelbarcelona.com\/es\/cookie-policy-es\/","og_locale":"es_ES","og_type":"article","og_title":"Pol\u00edtica de cookies - Estel Barcelona","og_description":"A continuaci\u00f3n, se presentan las diferentes Cookies utilizadas en la p\u00e1gina web de INMO CRITERIA CAIXA S.A.U. Al desmarcar alguna de ellas, la experiencia en el sitio web podr\u00e1 verse limitada. \u00bfQU\u00c9 SON LAS COOKIES? La p\u00e1gina web de INMO CRITERIA CAIXA S.A.U.,\u00a0estelbarcelona.com utiliza Cookies y\/o tecnolog\u00edas similares que almacenan y recuperan informaci\u00f3n en la [&hellip;]","og_url":"https:\/\/estelbarcelona.com\/es\/cookie-policy-es\/","og_site_name":"Estel Barcelona","article_modified_time":"2026-04-01T11:14:51+00:00","twitter_card":"summary_large_image","twitter_misc":{"Tiempo de lectura":"5 minutos"},"schema":{"@context":"https:\/\/schema.org","@graph":[{"@type":"WebPage","@id":"https:\/\/estelbarcelona.com\/es\/cookie-policy-es\/","url":"https:\/\/estelbarcelona.com\/es\/cookie-policy-es\/","name":"Pol\u00edtica de cookies - Estel Barcelona","isPartOf":{"@id":"https:\/\/estelbarcelona.com\/#website"},"datePublished":"2023-02-23T11:21:26+00:00","dateModified":"2026-04-01T11:14:51+00:00","breadcrumb":{"@id":"https:\/\/estelbarcelona.com\/es\/cookie-policy-es\/#breadcrumb"},"inLanguage":"es","potentialAction":[{"@type":"ReadAction","target":["https:\/\/estelbarcelona.com\/es\/cookie-policy-es\/"]}]},{"@type":"BreadcrumbList","@id":"https:\/\/estelbarcelona.com\/es\/cookie-policy-es\/#breadcrumb","itemListElement":[{"@type":"ListItem","position":1,"name":"Home","item":"https:\/\/estelbarcelona.com\/es\/"},{"@type":"ListItem","position":2,"name":"Pol\u00edtica de cookies"}]},{"@type":"WebSite","@id":"https:\/\/estelbarcelona.com\/#website","url":"https:\/\/estelbarcelona.com\/","name":"Estel Barcelona","description":"A place to shine","potentialAction":[{"@type":"SearchAction","target":{"@type":"EntryPoint","urlTemplate":"https:\/\/estelbarcelona.com\/?s={search_term_string}"},"query-input":{"@type":"PropertyValueSpecification","valueRequired":true,"valueName":"search_term_string"}}],"inLanguage":"es"}]}},"_links":{"self":[{"href":"https:\/\/estelbarcelona.com\/es\/wp-json\/wp\/v2\/pages\/557","targetHints":{"allow":["GET"]}}],"collection":[{"href":"https:\/\/estelbarcelona.com\/es\/wp-json\/wp\/v2\/pages"}],"about":[{"href":"https:\/\/estelbarcelona.com\/es\/wp-json\/wp\/v2\/types\/page"}],"author":[{"embeddable":true,"href":"https:\/\/estelbarcelona.com\/es\/wp-json\/wp\/v2\/users\/1"}],"replies":[{"embeddable":true,"href":"https:\/\/estelbarcelona.com\/es\/wp-json\/wp\/v2\/comments?post=557"}],"version-history":[{"count":0,"href":"https:\/\/estelbarcelona.com\/es\/wp-json\/wp\/v2\/pages\/557\/revisions"}],"wp:attachment":[{"href":"https:\/\/estelbarcelona.com\/es\/wp-json\/wp\/v2\/media?parent=557"}],"curies":[{"name":"wp","href":"https:\/\/api.w.org\/{rel}","templated":true}]}}