{"id":560,"date":"2023-02-07T14:52:06","date_gmt":"2023-02-07T14:52:06","guid":{"rendered":"http:\/\/estelbarcelona.wpengine.com\/privacy-policy-es\/"},"modified":"2026-04-01T10:49:59","modified_gmt":"2026-04-01T10:49:59","slug":"privacy-policy-es","status":"publish","type":"page","link":"https:\/\/estelbarcelona.com\/es\/privacy-policy-es\/","title":{"rendered":"Pol\u00edtica de privacidad"},"content":{"rendered":"\n<p><strong>1.- PROTECCI\u00d3N DE DATOS Y GRUPO INMOCAIXA<\/strong><\/p>\n\n\n\n<p>Las empresas que conforman el Grupo INMOCAIXA est\u00e1n plenamente comprometidas con el cumplimiento de la normativa en vigor y Reglamento General de Protecci\u00f3n de Datos de la Uni\u00f3n Europea y la normativa relativa a la protecci\u00f3n de datos de car\u00e1cter personal vigente en cada momento, siendo un objetivo prioritario.<\/p>\n\n\n\n<p>Le informamos que sus datos personales se incorporar\u00e1n a una \u00fanica base de datos cuyo responsable es Grupo INMOCAIXA, que est\u00e1 conformado por las siguientes empresas: INMO CRITERIA CAIXA S.A.U, (NIF A63346290), INMO CRITERIA ARRENDAMIENTO,S.L.U. (NIF B63343172) e INMO CRITERIA PATRIMONIO (NIF B67300533), pertenecientes al sector inmobiliario, todas ellas con domicilio en Avenida Diagonal, n\u00fameros 621-629, Torre II, 08028 de Barcelona y en conjunto conforman Grupo INMOCAIXA. Grupo INMOCAIXA se coordina desde las referidas instalaciones, donde se centralizan los sistemas y servicios de las citadas Compa\u00f1\u00edas, para ser gestionados de forma unificada. Por ello, a pesar de existir varios responsables, el fichero donde se albergar\u00e1n sus datos personales se tratar\u00e1 internamente como una \u00fanica base de datos respecto a la que podr\u00e1 ejercitar los derechos descritos a continuaci\u00f3n.<\/p>\n\n\n\n<p>Le informamos que sus datos no ser\u00e1n cedidos, vendidos, alquilados o puestos a su disposici\u00f3n de ninguna otra forma a ning\u00fan tercero, salvo a aquellas empresas que resulte necesario para la ejecuci\u00f3n del tratamiento y a aquellos proveedores de servicios de Grupo INMOCAIXA quienes realizan determinadas actividades para las compa\u00f1\u00edas que lo conforman (como por ejemplo, el env\u00edo de las comunicaciones, proveedores de servicios inform\u00e1ticos, etc), pero en ning\u00fan caso para sus finalidades propias.<\/p>\n\n\n\n<p><strong>2.- FINALIDADES DE LOS TRATAMIENTOS<\/strong><\/p>\n\n\n\n<p>Sus datos personales ser\u00e1n tratados por Grupo INMOCAIXA de forma confidencial y para las siguientes finalidades:<\/p>\n\n\n\n<p>Tramitar su petici\u00f3n de contacto en relaci\u00f3n con el inmueble, local o promoci\u00f3n solicitados, as\u00ed como remitirle, en su caso, informaci\u00f3n en relaci\u00f3n con dicha petici\u00f3n.<\/p>\n\n\n\n<p>Remitirle informaci\u00f3n sobre los productos y servicios ofrecidos por las empresas que conforman Grupo INMOCAIXA a trav\u00e9s de, entre otros, medios electr\u00f3nicos, en caso de que as\u00ed nos haya autorizado.<\/p>\n\n\n\n<p>Le informamos que en algunas ocasiones puede ser necesario el tratamiento de sus datos personales para dar cumplimiento a obligaciones legales, o en relaci\u00f3n con cualquier relaci\u00f3n contractual que podamos tener con Vd.<\/p>\n\n\n\n<p>En los dem\u00e1s supuestos, y siempre que sea oportuno le solicitaremos su consentimiento para tratar sus datos personales.<\/p>\n\n\n\n<p><strong>3.-<\/strong> <strong>CONSERVATION PERIODS<\/strong><\/p>\n\n\n\n<p>Sus datos se conservar\u00e1n durante el plazo establecido en el cuadro que se muestra a continuaci\u00f3n, sin perjuicio de su conservaci\u00f3n y mantenimiento bajo el debido bloqueo para su puesta a disposici\u00f3n de las Autoridades con competencia en las distintas materias que sean de aplicaci\u00f3n.<\/p>\n\n\n\n<p><strong>Tratamiento<\/strong><\/p>\n\n\n\n<p>Tramitar su petici\u00f3n de contacto en relaci\u00f3n con el inmueble, local o promoci\u00f3n solicitado, as\u00ed como remitirle, en su caso, informaci\u00f3n en relaci\u00f3n con dicha petici\u00f3n.<\/p>\n\n\n\n<p>Remitirle informaci\u00f3n sobre los productos y servicios ofrecidos por las empresas que conforman Grupo INMO, en caso de que as\u00ed nos haya autorizado.<\/p>\n\n\n\n<p><strong>C\u00f3mo determinamos el plazo de conservaci\u00f3n de sus datos<\/strong><\/p>\n\n\n\n<p>Conservaremos sus datos mientras que Vd. no revoque el consentimiento al tratamiento o el inmueble local o promoci\u00f3n sobre el que ha planteado su petici\u00f3n ya no est\u00e9 disponible.<\/p>\n\n\n\n<p>Conservaremos sus datos mientras que Vd. no revoque el consentimiento al tratamiento.<\/p>\n\n\n\n<p><strong>4.- EJERCICIO DE DERECHOS Y RECLAMACIONES ANTE LA AUTORIDAD COMPETENTE EN MATERIOA DE PROCESSI\u00d3N DE DATOS<\/strong><\/p>\n\n\n\n<p>Como consecuencia del tratamiento de sus datos personales por parte de Grupo INMOCAIXA, la legislaci\u00f3n vigente le otorga una serie de derechos.<\/p>\n\n\n\n<p>En este sentido, el Grupo INMOCAIXA le informa que podr\u00e1 ejercitar sus derechos de acceso, rectificaci\u00f3n, supresi\u00f3n, limitaci\u00f3n del tratamiento, portabilidad de los datos y oposici\u00f3n, as\u00ed como revocar su consentimiento a todos o alguno de los tratamientos, enviando un correo electr\u00f3nico a&nbsp;<a href=\"mailto:protecciondatos@inmocaixa.com\">protecciondatos@inmocaixa.com<\/a>&nbsp;o bien dirigiendo su solicitud por escrito con la referencia \u201cDatos Personales\u201d a Avenida Diagonal, n\u00fameros 621-629, Torre II, 08028 de Barcelona.<\/p>\n\n\n\n<p>Asimismo, en caso de que no quiera ejercer un derecho en concreto, pero tenga la necesidad de realizar una consulta o sugerencia en relaci\u00f3n con el tratamiento de sus datos de car\u00e1cter personal tambi\u00e9n podr\u00e1 dirigirse a las direcciones facilitadas para el ejercicio de los derechos.<\/p>\n\n\n\n<p>Por otro lado, Grupo INMOCAIXA le informa que Vd. tiene derecho a presentar una reclamaci\u00f3n ante la Agencia Espa\u00f1ola de Protecci\u00f3n de Datos (AEPD), autoridad competente en materia de protecci\u00f3n de datos.<\/p>\n\n\n\n<p><strong>5.- CONFIDENCIALIDAD Y SEGURIDAD EN EL TRATAMIENTO DE DATOS<\/strong><\/p>\n\n\n\n<p>La informaci\u00f3n recibida por Grupo INMOCAIXA a trav\u00e9s de la presente p\u00e1gina Web ser\u00e1 tratada con la m\u00e1xima reserva y confidencialidad.<\/p>\n\n\n\n<p>Asimismo, Grupo INMOCAIXA declara y garantiza que ha establecido todos los medios t\u00e9cnicos a su alcance para evitar la p\u00e9rdida, mal uso, alteraci\u00f3n, acceso no autorizado y robo de los datos facilitados por los usuarios, sin perjuicio de informar que las medidas de seguridad en Internet no son inexpugnables.<\/p>\n","protected":false},"excerpt":{"rendered":"<p>1.- PROTECCI\u00d3N DE DATOS Y GRUPO INMOCAIXA Las empresas que conforman el Grupo INMOCAIXA est\u00e1n plenamente comprometidas con el cumplimiento de la normativa en vigor y Reglamento General de Protecci\u00f3n de Datos de la Uni\u00f3n Europea y la normativa relativa a la protecci\u00f3n de datos de car\u00e1cter personal vigente en cada momento, siendo un objetivo [&hellip;]<\/p>\n","protected":false},"author":1,"featured_media":0,"parent":0,"menu_order":0,"comment_status":"closed","ping_status":"open","template":"","meta":{"_acf_changed":false,"footnotes":""},"class_list":["post-560","page","type-page","status-publish","hentry"],"acf":[],"yoast_head":"<!-- This site is optimized with the Yoast SEO plugin v24.4 - https:\/\/yoast.com\/wordpress\/plugins\/seo\/ -->\n<title>Pol\u00edtica de privacidad - Estel Barcelona<\/title>\n<meta name=\"robots\" content=\"index, follow, max-snippet:-1, max-image-preview:large, max-video-preview:-1\" \/>\n<link rel=\"canonical\" href=\"https:\/\/estelbarcelona.com\/es\/privacy-policy-es\/\" \/>\n<meta property=\"og:locale\" content=\"es_ES\" \/>\n<meta property=\"og:type\" content=\"article\" \/>\n<meta property=\"og:title\" content=\"Pol\u00edtica de privacidad - Estel Barcelona\" \/>\n<meta property=\"og:description\" content=\"1.- PROTECCI\u00d3N DE DATOS Y GRUPO INMOCAIXA Las empresas que conforman el Grupo INMOCAIXA est\u00e1n plenamente comprometidas con el cumplimiento de la normativa en vigor y Reglamento General de Protecci\u00f3n de Datos de la Uni\u00f3n Europea y la normativa relativa a la protecci\u00f3n de datos de car\u00e1cter personal vigente en cada momento, siendo un objetivo [&hellip;]\" \/>\n<meta property=\"og:url\" content=\"https:\/\/estelbarcelona.com\/es\/privacy-policy-es\/\" \/>\n<meta property=\"og:site_name\" content=\"Estel Barcelona\" \/>\n<meta property=\"article:modified_time\" content=\"2026-04-01T10:49:59+00:00\" \/>\n<meta name=\"twitter:card\" content=\"summary_large_image\" \/>\n<meta name=\"twitter:label1\" content=\"Tiempo de lectura\" \/>\n\t<meta name=\"twitter:data1\" content=\"4 minutos\" \/>\n<script type=\"application\/ld+json\" class=\"yoast-schema-graph\">{\"@context\":\"https:\/\/schema.org\",\"@graph\":[{\"@type\":\"WebPage\",\"@id\":\"https:\/\/estelbarcelona.com\/es\/privacy-policy-es\/\",\"url\":\"https:\/\/estelbarcelona.com\/es\/privacy-policy-es\/\",\"name\":\"Pol\u00edtica de privacidad - Estel Barcelona\",\"isPartOf\":{\"@id\":\"https:\/\/estelbarcelona.com\/#website\"},\"datePublished\":\"2023-02-07T14:52:06+00:00\",\"dateModified\":\"2026-04-01T10:49:59+00:00\",\"breadcrumb\":{\"@id\":\"https:\/\/estelbarcelona.com\/es\/privacy-policy-es\/#breadcrumb\"},\"inLanguage\":\"es\",\"potentialAction\":[{\"@type\":\"ReadAction\",\"target\":[\"https:\/\/estelbarcelona.com\/es\/privacy-policy-es\/\"]}]},{\"@type\":\"BreadcrumbList\",\"@id\":\"https:\/\/estelbarcelona.com\/es\/privacy-policy-es\/#breadcrumb\",\"itemListElement\":[{\"@type\":\"ListItem\",\"position\":1,\"name\":\"Home\",\"item\":\"https:\/\/estelbarcelona.com\/es\/\"},{\"@type\":\"ListItem\",\"position\":2,\"name\":\"Pol\u00edtica de privacidad\"}]},{\"@type\":\"WebSite\",\"@id\":\"https:\/\/estelbarcelona.com\/#website\",\"url\":\"https:\/\/estelbarcelona.com\/\",\"name\":\"Estel Barcelona\",\"description\":\"A place to shine\",\"potentialAction\":[{\"@type\":\"SearchAction\",\"target\":{\"@type\":\"EntryPoint\",\"urlTemplate\":\"https:\/\/estelbarcelona.com\/?s={search_term_string}\"},\"query-input\":{\"@type\":\"PropertyValueSpecification\",\"valueRequired\":true,\"valueName\":\"search_term_string\"}}],\"inLanguage\":\"es\"}]}<\/script>\n<!-- \/ Yoast SEO plugin. -->","yoast_head_json":{"title":"Pol\u00edtica de privacidad - Estel Barcelona","robots":{"index":"index","follow":"follow","max-snippet":"max-snippet:-1","max-image-preview":"max-image-preview:large","max-video-preview":"max-video-preview:-1"},"canonical":"https:\/\/estelbarcelona.com\/es\/privacy-policy-es\/","og_locale":"es_ES","og_type":"article","og_title":"Pol\u00edtica de privacidad - Estel Barcelona","og_description":"1.- PROTECCI\u00d3N DE DATOS Y GRUPO INMOCAIXA Las empresas que conforman el Grupo INMOCAIXA est\u00e1n plenamente comprometidas con el cumplimiento de la normativa en vigor y Reglamento General de Protecci\u00f3n de Datos de la Uni\u00f3n Europea y la normativa relativa a la protecci\u00f3n de datos de car\u00e1cter personal vigente en cada momento, siendo un objetivo [&hellip;]","og_url":"https:\/\/estelbarcelona.com\/es\/privacy-policy-es\/","og_site_name":"Estel Barcelona","article_modified_time":"2026-04-01T10:49:59+00:00","twitter_card":"summary_large_image","twitter_misc":{"Tiempo de lectura":"4 minutos"},"schema":{"@context":"https:\/\/schema.org","@graph":[{"@type":"WebPage","@id":"https:\/\/estelbarcelona.com\/es\/privacy-policy-es\/","url":"https:\/\/estelbarcelona.com\/es\/privacy-policy-es\/","name":"Pol\u00edtica de privacidad - Estel Barcelona","isPartOf":{"@id":"https:\/\/estelbarcelona.com\/#website"},"datePublished":"2023-02-07T14:52:06+00:00","dateModified":"2026-04-01T10:49:59+00:00","breadcrumb":{"@id":"https:\/\/estelbarcelona.com\/es\/privacy-policy-es\/#breadcrumb"},"inLanguage":"es","potentialAction":[{"@type":"ReadAction","target":["https:\/\/estelbarcelona.com\/es\/privacy-policy-es\/"]}]},{"@type":"BreadcrumbList","@id":"https:\/\/estelbarcelona.com\/es\/privacy-policy-es\/#breadcrumb","itemListElement":[{"@type":"ListItem","position":1,"name":"Home","item":"https:\/\/estelbarcelona.com\/es\/"},{"@type":"ListItem","position":2,"name":"Pol\u00edtica de privacidad"}]},{"@type":"WebSite","@id":"https:\/\/estelbarcelona.com\/#website","url":"https:\/\/estelbarcelona.com\/","name":"Estel Barcelona","description":"A place to shine","potentialAction":[{"@type":"SearchAction","target":{"@type":"EntryPoint","urlTemplate":"https:\/\/estelbarcelona.com\/?s={search_term_string}"},"query-input":{"@type":"PropertyValueSpecification","valueRequired":true,"valueName":"search_term_string"}}],"inLanguage":"es"}]}},"_links":{"self":[{"href":"https:\/\/estelbarcelona.com\/es\/wp-json\/wp\/v2\/pages\/560","targetHints":{"allow":["GET"]}}],"collection":[{"href":"https:\/\/estelbarcelona.com\/es\/wp-json\/wp\/v2\/pages"}],"about":[{"href":"https:\/\/estelbarcelona.com\/es\/wp-json\/wp\/v2\/types\/page"}],"author":[{"embeddable":true,"href":"https:\/\/estelbarcelona.com\/es\/wp-json\/wp\/v2\/users\/1"}],"replies":[{"embeddable":true,"href":"https:\/\/estelbarcelona.com\/es\/wp-json\/wp\/v2\/comments?post=560"}],"version-history":[{"count":0,"href":"https:\/\/estelbarcelona.com\/es\/wp-json\/wp\/v2\/pages\/560\/revisions"}],"wp:attachment":[{"href":"https:\/\/estelbarcelona.com\/es\/wp-json\/wp\/v2\/media?parent=560"}],"curies":[{"name":"wp","href":"https:\/\/api.w.org\/{rel}","templated":true}]}}