{"id":580,"date":"2023-02-22T14:52:42","date_gmt":"2023-02-22T14:52:42","guid":{"rendered":"http:\/\/estelbarcelona.wpengine.com\/the-building-es\/"},"modified":"2024-12-18T12:24:34","modified_gmt":"2024-12-18T12:24:34","slug":"el-edificio","status":"publish","type":"page","link":"https:\/\/estelbarcelona.com\/es\/el-edificio\/","title":{"rendered":"El Edificio"},"content":{"rendered":"","protected":false},"excerpt":{"rendered":"","protected":false},"author":1,"featured_media":0,"parent":0,"menu_order":0,"comment_status":"closed","ping_status":"closed","template":"pages\/template-flexible.php","meta":{"_acf_changed":false,"footnotes":""},"class_list":["post-580","page","type-page","status-publish","hentry"],"acf":[],"yoast_head":"<!-- This site is optimized with the Yoast SEO plugin v24.4 - https:\/\/yoast.com\/wordpress\/plugins\/seo\/ -->\n<title>Estel Barcelona | Un edificio emblem\u00e1tico<\/title>\n<meta name=\"description\" content=\"Descubre un sinf\u00edn de servicios, con espacios acogedores dise\u00f1ados para fomentar el bienestar y ofrecer una experiencia \u00fanica.\" \/>\n<meta name=\"robots\" content=\"index, follow, max-snippet:-1, max-image-preview:large, max-video-preview:-1\" \/>\n<link rel=\"canonical\" href=\"https:\/\/estelbarcelona.com\/es\/el-edificio\/\" \/>\n<meta property=\"og:locale\" content=\"es_ES\" \/>\n<meta property=\"og:type\" content=\"article\" \/>\n<meta property=\"og:title\" content=\"Estel Barcelona | Un edificio emblem\u00e1tico\" \/>\n<meta property=\"og:description\" content=\"Descubre un sinf\u00edn de servicios, con espacios acogedores dise\u00f1ados para fomentar el bienestar y ofrecer una experiencia \u00fanica.\" \/>\n<meta property=\"og:url\" content=\"https:\/\/estelbarcelona.com\/es\/el-edificio\/\" \/>\n<meta property=\"og:site_name\" content=\"Estel Barcelona\" \/>\n<meta property=\"article:modified_time\" content=\"2024-12-18T12:24:34+00:00\" \/>\n<meta name=\"twitter:card\" content=\"summary_large_image\" \/>\n<script type=\"application\/ld+json\" class=\"yoast-schema-graph\">{\"@context\":\"https:\/\/schema.org\",\"@graph\":[{\"@type\":\"WebPage\",\"@id\":\"https:\/\/estelbarcelona.com\/es\/el-edificio\/\",\"url\":\"https:\/\/estelbarcelona.com\/es\/el-edificio\/\",\"name\":\"Estel Barcelona | Un edificio emblem\u00e1tico\",\"isPartOf\":{\"@id\":\"https:\/\/estelbarcelona.com\/#website\"},\"datePublished\":\"2023-02-22T14:52:42+00:00\",\"dateModified\":\"2024-12-18T12:24:34+00:00\",\"description\":\"Descubre un sinf\u00edn de servicios, con espacios acogedores dise\u00f1ados para fomentar el bienestar y ofrecer una experiencia \u00fanica.\",\"breadcrumb\":{\"@id\":\"https:\/\/estelbarcelona.com\/es\/el-edificio\/#breadcrumb\"},\"inLanguage\":\"es\",\"potentialAction\":[{\"@type\":\"ReadAction\",\"target\":[\"https:\/\/estelbarcelona.com\/es\/el-edificio\/\"]}]},{\"@type\":\"BreadcrumbList\",\"@id\":\"https:\/\/estelbarcelona.com\/es\/el-edificio\/#breadcrumb\",\"itemListElement\":[{\"@type\":\"ListItem\",\"position\":1,\"name\":\"Home\",\"item\":\"https:\/\/estelbarcelona.com\/es\/\"},{\"@type\":\"ListItem\",\"position\":2,\"name\":\"El Edificio\"}]},{\"@type\":\"WebSite\",\"@id\":\"https:\/\/estelbarcelona.com\/#website\",\"url\":\"https:\/\/estelbarcelona.com\/\",\"name\":\"Estel Barcelona\",\"description\":\"A place to shine\",\"potentialAction\":[{\"@type\":\"SearchAction\",\"target\":{\"@type\":\"EntryPoint\",\"urlTemplate\":\"https:\/\/estelbarcelona.com\/?s={search_term_string}\"},\"query-input\":{\"@type\":\"PropertyValueSpecification\",\"valueRequired\":true,\"valueName\":\"search_term_string\"}}],\"inLanguage\":\"es\"}]}<\/script>\n<!-- \/ Yoast SEO plugin. -->","yoast_head_json":{"title":"Estel Barcelona | Un edificio emblem\u00e1tico","description":"Descubre un sinf\u00edn de servicios, con espacios acogedores dise\u00f1ados para fomentar el bienestar y ofrecer una experiencia \u00fanica.","robots":{"index":"index","follow":"follow","max-snippet":"max-snippet:-1","max-image-preview":"max-image-preview:large","max-video-preview":"max-video-preview:-1"},"canonical":"https:\/\/estelbarcelona.com\/es\/el-edificio\/","og_locale":"es_ES","og_type":"article","og_title":"Estel Barcelona | Un edificio emblem\u00e1tico","og_description":"Descubre un sinf\u00edn de servicios, con espacios acogedores dise\u00f1ados para fomentar el bienestar y ofrecer una experiencia \u00fanica.","og_url":"https:\/\/estelbarcelona.com\/es\/el-edificio\/","og_site_name":"Estel Barcelona","article_modified_time":"2024-12-18T12:24:34+00:00","twitter_card":"summary_large_image","schema":{"@context":"https:\/\/schema.org","@graph":[{"@type":"WebPage","@id":"https:\/\/estelbarcelona.com\/es\/el-edificio\/","url":"https:\/\/estelbarcelona.com\/es\/el-edificio\/","name":"Estel Barcelona | Un edificio emblem\u00e1tico","isPartOf":{"@id":"https:\/\/estelbarcelona.com\/#website"},"datePublished":"2023-02-22T14:52:42+00:00","dateModified":"2024-12-18T12:24:34+00:00","description":"Descubre un sinf\u00edn de servicios, con espacios acogedores dise\u00f1ados para fomentar el bienestar y ofrecer una experiencia \u00fanica.","breadcrumb":{"@id":"https:\/\/estelbarcelona.com\/es\/el-edificio\/#breadcrumb"},"inLanguage":"es","potentialAction":[{"@type":"ReadAction","target":["https:\/\/estelbarcelona.com\/es\/el-edificio\/"]}]},{"@type":"BreadcrumbList","@id":"https:\/\/estelbarcelona.com\/es\/el-edificio\/#breadcrumb","itemListElement":[{"@type":"ListItem","position":1,"name":"Home","item":"https:\/\/estelbarcelona.com\/es\/"},{"@type":"ListItem","position":2,"name":"El Edificio"}]},{"@type":"WebSite","@id":"https:\/\/estelbarcelona.com\/#website","url":"https:\/\/estelbarcelona.com\/","name":"Estel Barcelona","description":"A place to shine","potentialAction":[{"@type":"SearchAction","target":{"@type":"EntryPoint","urlTemplate":"https:\/\/estelbarcelona.com\/?s={search_term_string}"},"query-input":{"@type":"PropertyValueSpecification","valueRequired":true,"valueName":"search_term_string"}}],"inLanguage":"es"}]}},"_links":{"self":[{"href":"https:\/\/estelbarcelona.com\/es\/wp-json\/wp\/v2\/pages\/580","targetHints":{"allow":["GET"]}}],"collection":[{"href":"https:\/\/estelbarcelona.com\/es\/wp-json\/wp\/v2\/pages"}],"about":[{"href":"https:\/\/estelbarcelona.com\/es\/wp-json\/wp\/v2\/types\/page"}],"author":[{"embeddable":true,"href":"https:\/\/estelbarcelona.com\/es\/wp-json\/wp\/v2\/users\/1"}],"replies":[{"embeddable":true,"href":"https:\/\/estelbarcelona.com\/es\/wp-json\/wp\/v2\/comments?post=580"}],"version-history":[{"count":0,"href":"https:\/\/estelbarcelona.com\/es\/wp-json\/wp\/v2\/pages\/580\/revisions"}],"wp:attachment":[{"href":"https:\/\/estelbarcelona.com\/es\/wp-json\/wp\/v2\/media?parent=580"}],"curies":[{"name":"wp","href":"https:\/\/api.w.org\/{rel}","templated":true}]}}