{"id":982,"date":"2023-03-30T13:17:22","date_gmt":"2023-03-30T13:17:22","guid":{"rendered":"http:\/\/estelbarcelona.wpengine.com\/terminos-y-condiciones\/"},"modified":"2026-04-01T10:55:44","modified_gmt":"2026-04-01T10:55:44","slug":"aviso-legal","status":"publish","type":"page","link":"https:\/\/estelbarcelona.com\/es\/aviso-legal\/","title":{"rendered":"Aviso Legal"},"content":{"rendered":"\n<p>El acceso al portal\u00a0estelbarcelona.com de INMO CRITERIA CAIXA, S.A.U. (en adelante \u201cINMOCAIXA\u201d), y a la informaci\u00f3n contenida en el mismo comporta la aceptaci\u00f3n de las condiciones de uso previstas en el presente aviso legal. Por ello le recomendamos que lea atentamente las siguientes condiciones de uso si usted desea acceder a la informaci\u00f3n contenida en el presente portal.<\/p>\n\n\n\n<p>INMOCAIXA se reserva el derecho a modificar las presentes condiciones de uso del portal en cualquier momento, en cuyo caso entrar\u00e1n en vigor desde su publicaci\u00f3n y ser\u00e1n aplicables a todos los usuarios del portal desde esa fecha.<\/p>\n\n\n\n<p><strong>1. INFORMACI\u00d3N LEGAL<\/strong><\/p>\n\n\n\n<p>La titularidad de esta p\u00e1gina web es de INMO CRITERIA CAIXA, S.A.U., Sociedad Unipersonal, inscrita en el Registro Mercantil de Barcelona, tomo 36056, folio 25, hoja B-278.464, inscripci\u00f3n 1\u00aa y con n\u00famero de identificaci\u00f3n fiscal A-63346290.<\/p>\n\n\n\n<p><strong>2. CONTENIDOS DEL PORTAL<\/strong><\/p>\n\n\n\n<p>INMOCAIXA se reserva el derecho a introducir modificaciones u omitir parcial o totalmente los actuales contenidos de su portal cuando lo considere oportuno y sin previo aviso, as\u00ed como impedir o restringir el acceso al portal de forma temporal o permanente. El portal se dirige exclusivamente a residentes en Espa\u00f1a y, por tanto, todas sus condiciones se regir\u00e1n e interpretar\u00e1n seg\u00fan el derecho espa\u00f1ol.<\/p>\n\n\n\n<p>Usos prohibidos y permitidos de los contenidos<\/p>\n\n\n\n<p>Los contenidos del portal no constituyen en ning\u00fan caso una recomendaci\u00f3n de inversi\u00f3n ni asesoramiento de ninguna naturaleza. Los contenidos del portal se publican con el fin de proporcionar informaci\u00f3n general sobre INMOCAIXA y no deben emplearse como base para adoptar decisiones de inversi\u00f3n.<\/p>\n\n\n\n<p>Queda prohibida cualquier modalidad de explotaci\u00f3n, incluyendo todo tipo de reproducci\u00f3n, distribuci\u00f3n, cesi\u00f3n a terceros, comunicaci\u00f3n p\u00fablica y transformaci\u00f3n, mediante cualquier tipo de soporte y medio, de los contenidos del portal, incluyendo signos distintivos, sin la previa y expresa autorizaci\u00f3n de INMOCAIXA.<\/p>\n\n\n\n<p>Queda prohibido, salvo en los casos en que expresamente lo autorice INMOCAIXA, establecer enlaces (o hiperv\u00ednculos o links) desde portales o sitios web de terceros al portal de INMOCAIXA, accesible en la direcci\u00f3n URL [estelbarcelona.com], as\u00ed como presentar las p\u00e1ginas web de INMOCAIXA o la informaci\u00f3n contenida en ellas bajo frames o marcos, signos distintivos, marcas o denominaciones sociales o comerciales de otra persona, empresa o entidad.<\/p>\n\n\n\n<p><strong>3. EXCLUSI\u00d3N DE GARANT\u00cdAS Y DE RESPONSABILIDAD<\/strong><\/p>\n\n\n\n<p>INMOCAIXA no garantiza la actualidad, vigencia, veracidad, exactitud y exhaustividad de los contenidos de su portal, excluyendo toda responsabilidad por da\u00f1os y perjuicios que puedan deberse a dicha falta de actualidad, vigencia, veracidad, exactitud y exhaustividad de los contenidos.<\/p>\n\n\n\n<p>INMOCAIXA no garantiza el acceso continuado, ni la correcta visualizaci\u00f3n, descarga o utilidad de los elementos e informaci\u00f3n contenidos en las p\u00e1ginas de su portal, que pueden verse impedidos, dificultados o interrumpidos por factores o circunstancias fuera de su control.<\/p>\n\n\n\n<p>INMOCAIXA no es responsable de la informaci\u00f3n y dem\u00e1s contenidos integrados en espacios o p\u00e1ginas web de terceros accesibles desde su portal mediante enlaces ni de la informaci\u00f3n y dem\u00e1s contenidos integrados en espacios o p\u00e1ginas web de terceros desde los que se acceda mediante enlaces al portal de INMOCAIXA o a cualquiera de sus p\u00e1ginas web, ni de la informaci\u00f3n y contenidos de cualquier p\u00e1gina web de terceros que se presente bajo la apariencia o signos distintivos de INMOCAIXA , salvo autorizaci\u00f3n expresa de esta \u00faltima.<\/p>\n\n\n\n<p>INMOCAIXA no asume responsabilidad alguna por da\u00f1os, perjuicios, p\u00e9rdidas, reclamaciones o gastos, producidos por: (i) interferencias, interrupciones, fallos, omisiones, aver\u00edas telef\u00f3nicas, retrasos, bloqueos o desconexiones en el funcionamiento del sistema electr\u00f3nico, motivadas por deficiencias, sobrecargas y errores en las l\u00edneas y redes de telecomunicaciones, o por cualquier otra causa ajena al control de INMOCAIXA ; (ii) intromisiones ileg\u00edtimas mediante el uso de programas malignos de cualquier tipo y a trav\u00e9s de cualquier medio de comunicaci\u00f3n, tales como virus inform\u00e1ticos o cualesquiera otros; (iii) uso indebido o inadecuado del portal de INMOCAIXA, incluyendo p\u00e9rdidas, da\u00f1os o perjuicios ocasionados como consecuencia de decisiones de inversi\u00f3n basadas en datos o informaciones contenidos en el presente portal, o (iv) errores de seguridad o navegaci\u00f3n producidos por un mal funcionamiento del navegador o por el uso de versiones no actualizadas del mismo.<\/p>\n\n\n\n<p><strong>4. PROPIEDAD INDUSTRIAL E INTELECTUAL<\/strong><\/p>\n\n\n\n<p>El portal de INMOCAIXA, las p\u00e1ginas que comprende y la informaci\u00f3n o elementos contenidos en las mismas, incluyen textos, documentos, representaciones gr\u00e1ficas, bases de datos, programas inform\u00e1ticos, as\u00ed como logotipos, marcas, nombres comerciales, u otros signos distintivos, protegidos por derechos de propiedad industrial e intelectual de los que INMOCAIXA o las empresas participadas por esta son titulares o leg\u00edtimas licenciatarias.<\/p>\n\n\n\n<p>INMOCAIXA \u00fanicamente concede una autorizaci\u00f3n de uso de dichos contenidos limitada al acceso en l\u00ednea a los mismos en los t\u00e9rminos y condiciones establecidos en las presentes condiciones generales de uso.<\/p>\n\n\n\n<p><strong>5. POL\u00cdTICA DE PRIVACIDAD Y PROTECCI\u00d3N DE DATOS<\/strong><\/p>\n\n\n\n<p>INMOCAIXA cumple \u00edntegramente con la legislaci\u00f3n vigente en materia de protecci\u00f3n de datos de car\u00e1cter personal, y con los compromisos de confidencialidad propios de su actividad.<\/p>\n\n\n\n<p>INMOCAIXA ha adoptado las medidas t\u00e9cnicas necesarias para mantener el nivel de seguridad requerido, seg\u00fan la naturaleza de los datos personales tratados y las circunstancias del tratamiento, con el objeto de evitar, en la medida de lo posible y siempre seg\u00fan el estado de la t\u00e9cnica, su alteraci\u00f3n, p\u00e9rdida, tratamiento o acceso no autorizado.<\/p>\n\n\n\n<p>Cuando sea solicitada la cumplimentaci\u00f3n de un formulario en el que se recojan datos de car\u00e1cter personal, se informar\u00e1 al cliente o usuario del destinatario, de la informaci\u00f3n, de la finalidad para la cual se recogen los datos, de la identidad y direcci\u00f3n del responsable del fichero y de la facultad del usuario de ejercitar los derechos de acceso, rectificaci\u00f3n, cancelaci\u00f3n y oposici\u00f3n al tratamiento de sus datos. Los datos personales recogidos s\u00f3lo ser\u00e1n tratados y\/o cedidos con la expresada finalidad, y siempre con el consentimiento de usuario o cliente.<\/p>\n\n\n\n<p>Consulta nuestra nueva\u00a0<a href=\"https:\/\/estelbarcelona.com\/es\/privacy-policy-es\/\" target=\"_blank\" rel=\"noreferrer noopener\">pol\u00edtica de privacidad<\/a>.<\/p>\n\n\n\n<p>Para que la informaci\u00f3n que contienen nuestros ficheros est\u00e9 siempre actualizada y no contenga errores pedimos a nuestros clientes y usuarios que nos comuniquen, a la mayor brevedad posible, las modificaciones y rectificaciones de sus datos de car\u00e1cter personal.<\/p>\n\n\n\n<p>Algunas de las p\u00e1ginas del presente portal pueden disponer de galletas (cookies), que son peque\u00f1os ficheros de datos que se generan en el ordenador del usuario o cliente y que permiten a nuestros sistemas recordar el idioma, as\u00ed como otras caracter\u00edsticas o preferencias de navegaci\u00f3n del usuario en su primera sesi\u00f3n. Estas galletas no son invasivas, ni nocivas, ni contienen datos de car\u00e1cter personal, ya que su \u00fanica funci\u00f3n es personalizar su navegaci\u00f3n en la forma antes expresada. Si lo desea, puede desactivarlas y\/o eliminarlas.<\/p>\n\n\n\n<p><strong>6. POL\u00cdTICA DE COOKIES<\/strong><\/p>\n\n\n\n<p>Las p\u00e1ginas web de \u201dla Caixa\u201d disponen de cookies, que son peque\u00f1os ficheros de datos que se almacenan en el ordenador del usuario o cliente y que pueden permitir a nuestros sistemas recordar caracter\u00edsticas o preferencias de la navegaci\u00f3n en nuestras p\u00e1ginas web que puedan servir para personalizar su acceso en sucesivas visitas, hacer m\u00e1s segura la navegaci\u00f3n, recabar informaci\u00f3n estad\u00edstica sobre la navegaci\u00f3n efectuada, o conocer preferencias de usuarios.<\/p>\n\n\n\n<p>La pol\u00edtica de cookies de \u201cla Caixa\u201d se sujeta a la normativa comunitaria y espa\u00f1ola en vigor, relativa al tratamiento de los datos personales y a la protecci\u00f3n de la intimidad en el sector de las comunicaciones electr\u00f3nicas. En virtud de la misma, \u201cla Caixa\u201d le informar\u00e1 de las cookies que utiliza en cada uno de sus sitios web (\u201cInformaci\u00f3n acerca de las cookies utilizadas\u201d) y, cuando sea preciso, solicitar\u00e1 su consentimiento para poder utilizarlas.<\/p>\n","protected":false},"excerpt":{"rendered":"<p>El acceso al portal\u00a0estelbarcelona.com de INMO CRITERIA CAIXA, S.A.U. (en adelante \u201cINMOCAIXA\u201d), y a la informaci\u00f3n contenida en el mismo comporta la aceptaci\u00f3n de las condiciones de uso previstas en el presente aviso legal. Por ello le recomendamos que lea atentamente las siguientes condiciones de uso si usted desea acceder a la informaci\u00f3n contenida en [&hellip;]<\/p>\n","protected":false},"author":1,"featured_media":0,"parent":0,"menu_order":0,"comment_status":"closed","ping_status":"closed","template":"","meta":{"_acf_changed":false,"footnotes":""},"class_list":["post-982","page","type-page","status-publish","hentry"],"acf":[],"yoast_head":"<!-- This site is optimized with the Yoast SEO plugin v24.4 - https:\/\/yoast.com\/wordpress\/plugins\/seo\/ -->\n<title>Aviso Legal - Estel Barcelona<\/title>\n<meta name=\"robots\" content=\"index, follow, max-snippet:-1, max-image-preview:large, max-video-preview:-1\" \/>\n<link rel=\"canonical\" href=\"https:\/\/estelbarcelona.com\/es\/aviso-legal\/\" \/>\n<meta property=\"og:locale\" content=\"es_ES\" \/>\n<meta property=\"og:type\" content=\"article\" \/>\n<meta property=\"og:title\" content=\"Aviso Legal - Estel Barcelona\" \/>\n<meta property=\"og:description\" content=\"El acceso al portal\u00a0estelbarcelona.com de INMO CRITERIA CAIXA, S.A.U. (en adelante \u201cINMOCAIXA\u201d), y a la informaci\u00f3n contenida en el mismo comporta la aceptaci\u00f3n de las condiciones de uso previstas en el presente aviso legal. Por ello le recomendamos que lea atentamente las siguientes condiciones de uso si usted desea acceder a la informaci\u00f3n contenida en [&hellip;]\" \/>\n<meta property=\"og:url\" content=\"https:\/\/estelbarcelona.com\/es\/aviso-legal\/\" \/>\n<meta property=\"og:site_name\" content=\"Estel Barcelona\" \/>\n<meta property=\"article:modified_time\" content=\"2026-04-01T10:55:44+00:00\" \/>\n<meta name=\"twitter:card\" content=\"summary_large_image\" \/>\n<meta name=\"twitter:label1\" content=\"Tiempo de lectura\" \/>\n\t<meta name=\"twitter:data1\" content=\"6 minutos\" \/>\n<script type=\"application\/ld+json\" class=\"yoast-schema-graph\">{\"@context\":\"https:\/\/schema.org\",\"@graph\":[{\"@type\":\"WebPage\",\"@id\":\"https:\/\/estelbarcelona.com\/es\/aviso-legal\/\",\"url\":\"https:\/\/estelbarcelona.com\/es\/aviso-legal\/\",\"name\":\"Aviso Legal - Estel Barcelona\",\"isPartOf\":{\"@id\":\"https:\/\/estelbarcelona.com\/#website\"},\"datePublished\":\"2023-03-30T13:17:22+00:00\",\"dateModified\":\"2026-04-01T10:55:44+00:00\",\"breadcrumb\":{\"@id\":\"https:\/\/estelbarcelona.com\/es\/aviso-legal\/#breadcrumb\"},\"inLanguage\":\"es\",\"potentialAction\":[{\"@type\":\"ReadAction\",\"target\":[\"https:\/\/estelbarcelona.com\/es\/aviso-legal\/\"]}]},{\"@type\":\"BreadcrumbList\",\"@id\":\"https:\/\/estelbarcelona.com\/es\/aviso-legal\/#breadcrumb\",\"itemListElement\":[{\"@type\":\"ListItem\",\"position\":1,\"name\":\"Home\",\"item\":\"https:\/\/estelbarcelona.com\/es\/\"},{\"@type\":\"ListItem\",\"position\":2,\"name\":\"Aviso Legal\"}]},{\"@type\":\"WebSite\",\"@id\":\"https:\/\/estelbarcelona.com\/#website\",\"url\":\"https:\/\/estelbarcelona.com\/\",\"name\":\"Estel Barcelona\",\"description\":\"A place to shine\",\"potentialAction\":[{\"@type\":\"SearchAction\",\"target\":{\"@type\":\"EntryPoint\",\"urlTemplate\":\"https:\/\/estelbarcelona.com\/?s={search_term_string}\"},\"query-input\":{\"@type\":\"PropertyValueSpecification\",\"valueRequired\":true,\"valueName\":\"search_term_string\"}}],\"inLanguage\":\"es\"}]}<\/script>\n<!-- \/ Yoast SEO plugin. -->","yoast_head_json":{"title":"Aviso Legal - Estel Barcelona","robots":{"index":"index","follow":"follow","max-snippet":"max-snippet:-1","max-image-preview":"max-image-preview:large","max-video-preview":"max-video-preview:-1"},"canonical":"https:\/\/estelbarcelona.com\/es\/aviso-legal\/","og_locale":"es_ES","og_type":"article","og_title":"Aviso Legal - Estel Barcelona","og_description":"El acceso al portal\u00a0estelbarcelona.com de INMO CRITERIA CAIXA, S.A.U. (en adelante \u201cINMOCAIXA\u201d), y a la informaci\u00f3n contenida en el mismo comporta la aceptaci\u00f3n de las condiciones de uso previstas en el presente aviso legal. Por ello le recomendamos que lea atentamente las siguientes condiciones de uso si usted desea acceder a la informaci\u00f3n contenida en [&hellip;]","og_url":"https:\/\/estelbarcelona.com\/es\/aviso-legal\/","og_site_name":"Estel Barcelona","article_modified_time":"2026-04-01T10:55:44+00:00","twitter_card":"summary_large_image","twitter_misc":{"Tiempo de lectura":"6 minutos"},"schema":{"@context":"https:\/\/schema.org","@graph":[{"@type":"WebPage","@id":"https:\/\/estelbarcelona.com\/es\/aviso-legal\/","url":"https:\/\/estelbarcelona.com\/es\/aviso-legal\/","name":"Aviso Legal - Estel Barcelona","isPartOf":{"@id":"https:\/\/estelbarcelona.com\/#website"},"datePublished":"2023-03-30T13:17:22+00:00","dateModified":"2026-04-01T10:55:44+00:00","breadcrumb":{"@id":"https:\/\/estelbarcelona.com\/es\/aviso-legal\/#breadcrumb"},"inLanguage":"es","potentialAction":[{"@type":"ReadAction","target":["https:\/\/estelbarcelona.com\/es\/aviso-legal\/"]}]},{"@type":"BreadcrumbList","@id":"https:\/\/estelbarcelona.com\/es\/aviso-legal\/#breadcrumb","itemListElement":[{"@type":"ListItem","position":1,"name":"Home","item":"https:\/\/estelbarcelona.com\/es\/"},{"@type":"ListItem","position":2,"name":"Aviso Legal"}]},{"@type":"WebSite","@id":"https:\/\/estelbarcelona.com\/#website","url":"https:\/\/estelbarcelona.com\/","name":"Estel Barcelona","description":"A place to shine","potentialAction":[{"@type":"SearchAction","target":{"@type":"EntryPoint","urlTemplate":"https:\/\/estelbarcelona.com\/?s={search_term_string}"},"query-input":{"@type":"PropertyValueSpecification","valueRequired":true,"valueName":"search_term_string"}}],"inLanguage":"es"}]}},"_links":{"self":[{"href":"https:\/\/estelbarcelona.com\/es\/wp-json\/wp\/v2\/pages\/982","targetHints":{"allow":["GET"]}}],"collection":[{"href":"https:\/\/estelbarcelona.com\/es\/wp-json\/wp\/v2\/pages"}],"about":[{"href":"https:\/\/estelbarcelona.com\/es\/wp-json\/wp\/v2\/types\/page"}],"author":[{"embeddable":true,"href":"https:\/\/estelbarcelona.com\/es\/wp-json\/wp\/v2\/users\/1"}],"replies":[{"embeddable":true,"href":"https:\/\/estelbarcelona.com\/es\/wp-json\/wp\/v2\/comments?post=982"}],"version-history":[{"count":0,"href":"https:\/\/estelbarcelona.com\/es\/wp-json\/wp\/v2\/pages\/982\/revisions"}],"wp:attachment":[{"href":"https:\/\/estelbarcelona.com\/es\/wp-json\/wp\/v2\/media?parent=982"}],"curies":[{"name":"wp","href":"https:\/\/api.w.org\/{rel}","templated":true}]}}